{"id":1058,"date":"2016-09-10T00:29:05","date_gmt":"2016-09-10T00:29:05","guid":{"rendered":"http:\/\/eccometa.com.br\/2016\/?page_id=1058"},"modified":"2018-09-04T11:16:11","modified_gmt":"2018-09-04T14:16:11","slug":"o-pontape-inicial","status":"publish","type":"page","link":"http:\/\/eccometa.com.br\/2016\/?page_id=1058","title":{"rendered":"O pontap\u00e9 inicial"},"content":{"rendered":"<h2>S\u00edntese<\/h2>\n<p style=\"font-weight: 400;\">A pr\u00e1tica do futebol sempre foi muito valorizada na cidade de Itapiranga, principalmente a partir da d\u00e9cada de 1950. Antes de ser fundado o Esporte Clube Cometa, a pr\u00e1tica futebol\u00edstica acontecia em dois clubes que tinham sua sede no centro do ent\u00e3o pequeno munic\u00edpio de Itapiranga. Era a Sociedade Esportiva Sete de Setembro e o Esporte Clube Itapiranga. Estas duas agremia\u00e7\u00f5es se fundiram fazendo surgir um dos clubes de futebol mais tradicionais da regi\u00e3o, o Esporte Clube Cometa, fundado em 15 de Agosto de 1959.<\/p>\n<p style=\"font-weight: 400;\">A partir da d\u00e9cada de 1970 o Le\u00e3o da Montanha, como passou a ser conhecido, iniciou sua trajet\u00f3ria em competi\u00e7\u00f5es oficiais sendo que conquistou o Campeonato Municipal de Itapiranga por v\u00e1rias vezes nas categorias Principal, Juniores e outros torneios regionais. Em 2007 se dedicou exclusivamente aos campeonatos regionais e estaduais sendo um dos maiores copeiros e se tornando um dos principais clubes amadores do Estado. Em 2013 criou as categorias de base, outro orgulho da na\u00e7\u00e3o cometense e do munic\u00edpio, que deu e vem dando excelentes frutos. Tem como principal meta formar atletas e bons cidad\u00e3os.<\/p>\n<hr \/>\n<figure id=\"attachment_1059\" aria-describedby=\"caption-attachment-1059\" style=\"width: 696px\" class=\"wp-caption alignnone\"><img loading=\"lazy\" decoding=\"async\" class=\"wp-image-1059 size-large\" src=\"http:\/\/eccometa.com.br\/2016\/wp-content\/uploads\/2016\/09\/0121-1024x525.jpg\" alt=\"Equipe de 2008\" width=\"696\" height=\"357\" srcset=\"http:\/\/eccometa.com.br\/2016\/wp-content\/uploads\/2016\/09\/0121-1024x525.jpg 1024w, http:\/\/eccometa.com.br\/2016\/wp-content\/uploads\/2016\/09\/0121-300x154.jpg 300w, http:\/\/eccometa.com.br\/2016\/wp-content\/uploads\/2016\/09\/0121-768x394.jpg 768w, http:\/\/eccometa.com.br\/2016\/wp-content\/uploads\/2016\/09\/0121.jpg 1170w\" sizes=\"auto, (max-width: 696px) 100vw, 696px\" \/><figcaption id=\"caption-attachment-1059\" class=\"wp-caption-text\">Equipe de 2008<\/figcaption><\/figure>\n<h2>O pontap\u00e9 inicial<\/h2>\n<p style=\"text-align: right;\"><em>Especial Jornal Express\u00e3o &#8211; Por Douglas Franzen<\/em><\/p>\n<p style=\"text-align: left;\">A pr\u00e1tica do futebol sempre foi muito valorizada na cidade de Itapiranga, principalmente a partir da d\u00e9cada de 1950. Antes de ser fundado o Esporte Clube Cometa, a pr\u00e1tica futebol\u00edstica acontecia em dois clubes que tinham sua sede no centro do ent\u00e3o pequeno munic\u00edpio de Itapiranga. Era a Sociedade Esportiva Sete de Setembro e o Esporte Clube Itapiranga. Estas duas agremia\u00e7\u00f5es futebol\u00edsticas se fundiram para fundar um dos clubes de futebol mais tradicionais da regi\u00e3o, o Esporte Clube Cometa, fundado em 15 de Agosto de 1959.<\/p>\n<p>A primeira medida a ser tomada era escolher um novo local para a constru\u00e7\u00e3o de um campo, j\u00e1 que no centro da cidade o espa\u00e7o come\u00e7ou a ficar impr\u00f3prio. Al\u00e9m do mais aquele campo era extremamente irregular, com uma acentuada declividade em dire\u00e7\u00e3o ao Rio Uruguai, o que tornava as partidas muito desgastantes para os jogadores. Aquele campo estava localizado onde hoje est\u00e1 situada a Prefeitura Municipal de Itapiranga.<\/p>\n<p>Nos primeiros tempos a sociedade itapiranguense estranhou o novo local onde estava localizado o campo do novo time de futebol. Chegar at\u00e9 o alto daquele morro para assistir uma partida de futebol era uma tarefa a que poucos se submetiam. O nome do novo est\u00e1dio era sugestivo, Est\u00e1dio da Montanha, localizado num local de dif\u00edcil acesso, que nos primeiros tempos s\u00f3 era acess\u00edvel atrav\u00e9s de picadas.<\/p>\n<p>O fato interessante, que se pode denominar quase de lenda, \u00e9 o estranho apelido incutido novo time: Le\u00e3o da Montanha. Pelas hist\u00f3rias dos populares da \u00e9poca, diz-se que ouvia-se estranhos rugidos em dire\u00e7\u00e3o ao morro onde estava localizado o Est\u00e1dio da Montanha, atual Bairro Bela Vista. Como na \u00e9poca, aquela regi\u00e3o era composta de um matagal, dizia-se que se tratavam de rugidos de um le\u00e3o, e da\u00ed teria surgido o apelido \u201cLe\u00e3o da Montanha\u201d. Hoje sabemos que se tratavam de rugidos de um bugio.<\/p>\n<figure id=\"attachment_208\" aria-describedby=\"caption-attachment-208\" style=\"width: 810px\" class=\"wp-caption alignnone\"><img loading=\"lazy\" decoding=\"async\" class=\"size-kopa-flexslider-with-thumb wp-image-208\" src=\"http:\/\/eccometa.com.br\/2016\/wp-content\/uploads\/2010\/02\/foto-01-810x476.jpg\" alt=\"Esporte Clube Itapiranga, tendo ao fundo o majestoso Rio Uruguai. Em p\u00e9: Orlando, Jo\u00e3o, Lacy, Werner, Neto, Dirceu e Irineu. Sentados: Souza, Nen\u00ea, Valentim, Celso e Armando.\" width=\"810\" height=\"476\" \/><figcaption id=\"caption-attachment-208\" class=\"wp-caption-text\">Esporte Clube Itapiranga, tendo ao fundo o majestoso Rio Uruguai. Em p\u00e9: Orlando, Jo\u00e3o, Lacy, Werner, Neto, Dirceu e Irineu. Sentados: Souza, Nen\u00ea, Valentim, Celso e Armando.<\/figcaption><\/figure>\n<p>Nos primeiros tempos de Esporte Clube Cometa ainda n\u00e3o existiam campeonatos regulares como na atualidade. Na verdade, aconteciam partidas amistosas organizadas com outros times locais ou at\u00e9 mesmo de outras cidades. Havia tamb\u00e9m os famosos torneios, onde se reuniam diversos times para disputar durante o todo o dia o t\u00edtulo de campe\u00e3o. Estes torneios eram muito disputados e chamavam a aten\u00e7\u00e3o de muitos torcedores.<\/p>\n<figure id=\"attachment_209\" aria-describedby=\"caption-attachment-209\" style=\"width: 810px\" class=\"wp-caption alignnone\"><img loading=\"lazy\" decoding=\"async\" class=\"size-kopa-flexslider-with-thumb wp-image-209\" src=\"http:\/\/eccometa.com.br\/2016\/wp-content\/uploads\/2010\/02\/foto-03-810x476.jpg\" alt=\"Esporte Clube Cometa na d\u00e9cada de 60\" width=\"810\" height=\"476\" \/><figcaption id=\"caption-attachment-209\" class=\"wp-caption-text\">Esporte Clube Cometa na d\u00e9cada de 60<\/figcaption><\/figure>\n<p><img loading=\"lazy\" decoding=\"async\" class=\"alignnone size-kopa-flexslider-with-thumb wp-image-210\" src=\"http:\/\/eccometa.com.br\/2016\/wp-content\/uploads\/2010\/02\/foto-04-810x474.jpg\" alt=\"foto-04\" width=\"810\" height=\"474\" \/><\/p>\n<p><img loading=\"lazy\" decoding=\"async\" class=\"alignnone size-kopa-flexslider-with-thumb wp-image-211\" src=\"http:\/\/eccometa.com.br\/2016\/wp-content\/uploads\/2010\/02\/foto-05-810x476.jpg\" alt=\"foto-05\" width=\"810\" height=\"476\" \/><\/p>\n<p><img loading=\"lazy\" decoding=\"async\" class=\"alignnone size-kopa-flexslider-with-thumb wp-image-212\" src=\"http:\/\/eccometa.com.br\/2016\/wp-content\/uploads\/2010\/02\/foto-07-810x476.jpg\" alt=\"foto-07\" width=\"810\" height=\"476\" \/><\/p>\n<p><strong>Partidas amistosas<\/strong><\/p>\n<p>O Esporte Clube Cometa tem uma hist\u00f3ria recheada de t\u00edtulos conquistados, de campeonatos disputados com ra\u00e7a e determina\u00e7\u00e3o. No entanto, o Cometa de Itapiranga tamb\u00e9m praticou ao longo de sua hist\u00f3ria a pol\u00edtica de integra\u00e7\u00e3o com outros times, em partidas amistosas que tinham como finalidade preparar o time para campeonatos futuros, ou at\u00e9 mesmo fomentar a diplomacia futebol\u00edstica, integrando o nome de Itapiranga com outras regi\u00f5es do pa\u00eds.<\/p>\n<p>Destaque para a dupla colorada que veio at\u00e9 Itapiranga para enfrentar o Le\u00e3o da Montanha. No jogo contra os juniores do Internacional o Cometa perdeu de dois a zero, com destaque para o ent\u00e3o jovem jogador Dunga, que atualmente \u00e9 t\u00e9cnico da sele\u00e7\u00e3o brasileira de futebol. Dunga marcou os dois gols colorados contra o Cometa.<\/p>\n<hr \/>\n<h2>Juniores do Gr\u00eamio Portoalegrense venceram a equipe do Cometa<\/h2>\n<p><em>Jornal Vale do Uruguai, 17 de Novembro de 1984.<\/em><\/p>\n<p>No \u00faltimo domingo estiveram em Itapiranga os juniores do Gr\u00eamio de Porto Alegre. Esta foi uma promo\u00e7\u00e3o do Cometa pelos seus 25 anos. Pelo mau tempo o jogo foi realizado no est\u00e1dio da Seara. O jogo Gr\u00eamio X Cometa iniciou as 16 horas e agradou ao p\u00fablico presente pelos bonitos lances e pela movimenta\u00e7\u00e3o dentro das quatro linhas. Os juniores do Gr\u00eamio apresentaram um bom futebol, muito superior \u00e0 equipe do Cometa, pelo seu conjunto e preparo f\u00edsico. A equipe cometense, por\u00e9m, jogou de igual para igual, n\u00e3o se intimidou perante a equipe de Porto Alegre.<\/p>\n<p>Ao final da partida prevaleceu o preparo f\u00edsico e o futebol muito compacto apresentado pela equipe visitante. O Gr\u00eamio venceu pelo placar e 4 a 2. O Gr\u00eamio jogou e venceu com Andr\u00e9, Jorge, Altair e Manica, L\u00facio, Darci e Z\u00e9 Carlos, S\u00e9rgio, Deltor (natural de S\u00e3o Jo\u00e3o), Diego, Olmar, A\u00edrton, Gerson, C\u00e9sarr e Cl\u00eanio. O Cometa jogou e perdeu com Leco, Paulo, Nuna, Pingo e Neco. Segura, Geovani e Feda. Nilo, Kiko e Jego. Chic\u00e3o, Z\u00e9, Jaime B., Eduardo e Juruna.<\/p>\n<figure id=\"attachment_204\" aria-describedby=\"caption-attachment-204\" style=\"width: 810px\" class=\"wp-caption alignnone\"><img loading=\"lazy\" decoding=\"async\" class=\"size-kopa-flexslider-with-thumb wp-image-204\" src=\"http:\/\/eccometa.com.br\/2016\/wp-content\/uploads\/2010\/02\/inter-810x396.jpg\" alt=\"Amistoso realizado com a equipe do Internacional\" width=\"810\" height=\"396\" \/><figcaption id=\"caption-attachment-204\" class=\"wp-caption-text\">Amistoso realizado com a equipe do Internacional<\/figcaption><\/figure>\n<figure id=\"attachment_213\" aria-describedby=\"caption-attachment-213\" style=\"width: 810px\" class=\"wp-caption alignnone\"><img loading=\"lazy\" decoding=\"async\" class=\"wp-image-213 size-kopa-flexslider-with-thumb\" src=\"http:\/\/eccometa.com.br\/2016\/wp-content\/uploads\/2010\/02\/gremio-810x476.jpg\" alt=\"Flagrante do jogo contra o Gr\u00eamio\" width=\"810\" height=\"476\" srcset=\"http:\/\/eccometa.com.br\/2016\/wp-content\/uploads\/2010\/02\/gremio-810x476.jpg 810w, http:\/\/eccometa.com.br\/2016\/wp-content\/uploads\/2010\/02\/gremio-300x175.jpg 300w\" sizes=\"auto, (max-width: 810px) 100vw, 810px\" \/><figcaption id=\"caption-attachment-213\" class=\"wp-caption-text\">Flagrante do jogo contra o Gr\u00eamio<\/figcaption><\/figure>\n<figure id=\"attachment_214\" aria-describedby=\"caption-attachment-214\" style=\"width: 810px\" class=\"wp-caption alignnone\"><img loading=\"lazy\" decoding=\"async\" class=\"size-kopa-flexslider-with-thumb wp-image-214\" src=\"http:\/\/eccometa.com.br\/2016\/wp-content\/uploads\/2010\/02\/humaita-810x476.jpg\" alt=\"Amistoso realizado com a equipe do Humait\u00e1\" width=\"810\" height=\"476\" \/><figcaption id=\"caption-attachment-214\" class=\"wp-caption-text\">Amistoso realizado com a equipe do Humait\u00e1<\/figcaption><\/figure>\n","protected":false},"excerpt":{"rendered":"<p>S\u00edntese A pr\u00e1tica do futebol sempre foi muito valorizada na cidade de Itapiranga, principalmente a partir da d\u00e9cada de 1950. Antes de ser fundado o Esporte Clube Cometa, a pr\u00e1tica futebol\u00edstica acontecia em dois clubes que tinham sua sede no centro do ent\u00e3o pequeno munic\u00edpio de Itapiranga. Era a Sociedade Esportiva Sete de Setembro e [&hellip;]<\/p>\n","protected":false},"author":1,"featured_media":1059,"parent":0,"menu_order":0,"comment_status":"closed","ping_status":"closed","template":"","meta":{"footnotes":""},"class_list":["post-1058","page","type-page","status-publish","has-post-thumbnail"],"yoast_head":"<!-- This site is optimized with the Yoast SEO plugin v27.3 - https:\/\/yoast.com\/product\/yoast-seo-wordpress\/ -->\n<title>O pontap\u00e9 inicial &#8226; Esporte Clube Cometa<\/title>\n<meta name=\"robots\" content=\"index, follow, max-snippet:-1, max-image-preview:large, max-video-preview:-1\" \/>\n<link rel=\"canonical\" href=\"http:\/\/eccometa.com.br\/2016\/?page_id=1058\" \/>\n<meta property=\"og:locale\" content=\"pt_BR\" \/>\n<meta property=\"og:type\" content=\"article\" \/>\n<meta property=\"og:title\" content=\"O pontap\u00e9 inicial &#8226; Esporte Clube Cometa\" \/>\n<meta property=\"og:description\" content=\"S\u00edntese A pr\u00e1tica do futebol sempre foi muito valorizada na cidade de Itapiranga, principalmente a partir da d\u00e9cada de 1950. Antes de ser fundado o Esporte Clube Cometa, a pr\u00e1tica futebol\u00edstica acontecia em dois clubes que tinham sua sede no centro do ent\u00e3o pequeno munic\u00edpio de Itapiranga. Era a Sociedade Esportiva Sete de Setembro e [&hellip;]\" \/>\n<meta property=\"og:url\" content=\"http:\/\/eccometa.com.br\/2016\/?page_id=1058\" \/>\n<meta property=\"og:site_name\" content=\"Esporte Clube Cometa\" \/>\n<meta property=\"article:publisher\" content=\"https:\/\/www.facebook.com\/esporteclubecometa\/\" \/>\n<meta property=\"article:modified_time\" content=\"2018-09-04T14:16:11+00:00\" \/>\n<meta property=\"og:image\" content=\"http:\/\/eccometa.com.br\/2016\/wp-content\/uploads\/2016\/09\/0121.jpg\" \/>\n\t<meta property=\"og:image:width\" content=\"1170\" \/>\n\t<meta property=\"og:image:height\" content=\"600\" \/>\n\t<meta property=\"og:image:type\" content=\"image\/jpeg\" \/>\n<meta name=\"twitter:card\" content=\"summary_large_image\" \/>\n<meta name=\"twitter:label1\" content=\"Est. tempo de leitura\" \/>\n\t<meta name=\"twitter:data1\" content=\"5 minutos\" \/>\n<script type=\"application\/ld+json\" class=\"yoast-schema-graph\">{\"@context\":\"https:\\\/\\\/schema.org\",\"@graph\":[{\"@type\":\"WebPage\",\"@id\":\"http:\\\/\\\/eccometa.com.br\\\/2016\\\/?page_id=1058\",\"url\":\"http:\\\/\\\/eccometa.com.br\\\/2016\\\/?page_id=1058\",\"name\":\"O pontap\u00e9 inicial &#8226; Esporte Clube Cometa\",\"isPartOf\":{\"@id\":\"http:\\\/\\\/eccometa.com.br\\\/2016\\\/#website\"},\"primaryImageOfPage\":{\"@id\":\"http:\\\/\\\/eccometa.com.br\\\/2016\\\/?page_id=1058#primaryimage\"},\"image\":{\"@id\":\"http:\\\/\\\/eccometa.com.br\\\/2016\\\/?page_id=1058#primaryimage\"},\"thumbnailUrl\":\"http:\\\/\\\/eccometa.com.br\\\/2016\\\/wp-content\\\/uploads\\\/2016\\\/09\\\/0121.jpg\",\"datePublished\":\"2016-09-10T00:29:05+00:00\",\"dateModified\":\"2018-09-04T14:16:11+00:00\",\"breadcrumb\":{\"@id\":\"http:\\\/\\\/eccometa.com.br\\\/2016\\\/?page_id=1058#breadcrumb\"},\"inLanguage\":\"pt-BR\",\"potentialAction\":[{\"@type\":\"ReadAction\",\"target\":[\"http:\\\/\\\/eccometa.com.br\\\/2016\\\/?page_id=1058\"]}]},{\"@type\":\"ImageObject\",\"inLanguage\":\"pt-BR\",\"@id\":\"http:\\\/\\\/eccometa.com.br\\\/2016\\\/?page_id=1058#primaryimage\",\"url\":\"http:\\\/\\\/eccometa.com.br\\\/2016\\\/wp-content\\\/uploads\\\/2016\\\/09\\\/0121.jpg\",\"contentUrl\":\"http:\\\/\\\/eccometa.com.br\\\/2016\\\/wp-content\\\/uploads\\\/2016\\\/09\\\/0121.jpg\",\"width\":1170,\"height\":600,\"caption\":\"Equipe de 2008\"},{\"@type\":\"BreadcrumbList\",\"@id\":\"http:\\\/\\\/eccometa.com.br\\\/2016\\\/?page_id=1058#breadcrumb\",\"itemListElement\":[{\"@type\":\"ListItem\",\"position\":1,\"name\":\"In\u00edcio\",\"item\":\"http:\\\/\\\/eccometa.com.br\\\/2016\\\/\"},{\"@type\":\"ListItem\",\"position\":2,\"name\":\"O pontap\u00e9 inicial\"}]},{\"@type\":\"WebSite\",\"@id\":\"http:\\\/\\\/eccometa.com.br\\\/2016\\\/#website\",\"url\":\"http:\\\/\\\/eccometa.com.br\\\/2016\\\/\",\"name\":\"Esporte Clube Cometa\",\"description\":\"Este clube tem hist\u00f3ria\",\"potentialAction\":[{\"@type\":\"SearchAction\",\"target\":{\"@type\":\"EntryPoint\",\"urlTemplate\":\"http:\\\/\\\/eccometa.com.br\\\/2016\\\/?s={search_term_string}\"},\"query-input\":{\"@type\":\"PropertyValueSpecification\",\"valueRequired\":true,\"valueName\":\"search_term_string\"}}],\"inLanguage\":\"pt-BR\"}]}<\/script>\n<!-- \/ Yoast SEO plugin. -->","yoast_head_json":{"title":"O pontap\u00e9 inicial &#8226; Esporte Clube Cometa","robots":{"index":"index","follow":"follow","max-snippet":"max-snippet:-1","max-image-preview":"max-image-preview:large","max-video-preview":"max-video-preview:-1"},"canonical":"http:\/\/eccometa.com.br\/2016\/?page_id=1058","og_locale":"pt_BR","og_type":"article","og_title":"O pontap\u00e9 inicial &#8226; Esporte Clube Cometa","og_description":"S\u00edntese A pr\u00e1tica do futebol sempre foi muito valorizada na cidade de Itapiranga, principalmente a partir da d\u00e9cada de 1950. Antes de ser fundado o Esporte Clube Cometa, a pr\u00e1tica futebol\u00edstica acontecia em dois clubes que tinham sua sede no centro do ent\u00e3o pequeno munic\u00edpio de Itapiranga. Era a Sociedade Esportiva Sete de Setembro e [&hellip;]","og_url":"http:\/\/eccometa.com.br\/2016\/?page_id=1058","og_site_name":"Esporte Clube Cometa","article_publisher":"https:\/\/www.facebook.com\/esporteclubecometa\/","article_modified_time":"2018-09-04T14:16:11+00:00","og_image":[{"width":1170,"height":600,"url":"http:\/\/eccometa.com.br\/2016\/wp-content\/uploads\/2016\/09\/0121.jpg","type":"image\/jpeg"}],"twitter_card":"summary_large_image","twitter_misc":{"Est. tempo de leitura":"5 minutos"},"schema":{"@context":"https:\/\/schema.org","@graph":[{"@type":"WebPage","@id":"http:\/\/eccometa.com.br\/2016\/?page_id=1058","url":"http:\/\/eccometa.com.br\/2016\/?page_id=1058","name":"O pontap\u00e9 inicial &#8226; Esporte Clube Cometa","isPartOf":{"@id":"http:\/\/eccometa.com.br\/2016\/#website"},"primaryImageOfPage":{"@id":"http:\/\/eccometa.com.br\/2016\/?page_id=1058#primaryimage"},"image":{"@id":"http:\/\/eccometa.com.br\/2016\/?page_id=1058#primaryimage"},"thumbnailUrl":"http:\/\/eccometa.com.br\/2016\/wp-content\/uploads\/2016\/09\/0121.jpg","datePublished":"2016-09-10T00:29:05+00:00","dateModified":"2018-09-04T14:16:11+00:00","breadcrumb":{"@id":"http:\/\/eccometa.com.br\/2016\/?page_id=1058#breadcrumb"},"inLanguage":"pt-BR","potentialAction":[{"@type":"ReadAction","target":["http:\/\/eccometa.com.br\/2016\/?page_id=1058"]}]},{"@type":"ImageObject","inLanguage":"pt-BR","@id":"http:\/\/eccometa.com.br\/2016\/?page_id=1058#primaryimage","url":"http:\/\/eccometa.com.br\/2016\/wp-content\/uploads\/2016\/09\/0121.jpg","contentUrl":"http:\/\/eccometa.com.br\/2016\/wp-content\/uploads\/2016\/09\/0121.jpg","width":1170,"height":600,"caption":"Equipe de 2008"},{"@type":"BreadcrumbList","@id":"http:\/\/eccometa.com.br\/2016\/?page_id=1058#breadcrumb","itemListElement":[{"@type":"ListItem","position":1,"name":"In\u00edcio","item":"http:\/\/eccometa.com.br\/2016\/"},{"@type":"ListItem","position":2,"name":"O pontap\u00e9 inicial"}]},{"@type":"WebSite","@id":"http:\/\/eccometa.com.br\/2016\/#website","url":"http:\/\/eccometa.com.br\/2016\/","name":"Esporte Clube Cometa","description":"Este clube tem hist\u00f3ria","potentialAction":[{"@type":"SearchAction","target":{"@type":"EntryPoint","urlTemplate":"http:\/\/eccometa.com.br\/2016\/?s={search_term_string}"},"query-input":{"@type":"PropertyValueSpecification","valueRequired":true,"valueName":"search_term_string"}}],"inLanguage":"pt-BR"}]}},"_links":{"self":[{"href":"http:\/\/eccometa.com.br\/2016\/index.php?rest_route=\/wp\/v2\/pages\/1058","targetHints":{"allow":["GET"]}}],"collection":[{"href":"http:\/\/eccometa.com.br\/2016\/index.php?rest_route=\/wp\/v2\/pages"}],"about":[{"href":"http:\/\/eccometa.com.br\/2016\/index.php?rest_route=\/wp\/v2\/types\/page"}],"author":[{"embeddable":true,"href":"http:\/\/eccometa.com.br\/2016\/index.php?rest_route=\/wp\/v2\/users\/1"}],"replies":[{"embeddable":true,"href":"http:\/\/eccometa.com.br\/2016\/index.php?rest_route=%2Fwp%2Fv2%2Fcomments&post=1058"}],"version-history":[{"count":3,"href":"http:\/\/eccometa.com.br\/2016\/index.php?rest_route=\/wp\/v2\/pages\/1058\/revisions"}],"predecessor-version":[{"id":2640,"href":"http:\/\/eccometa.com.br\/2016\/index.php?rest_route=\/wp\/v2\/pages\/1058\/revisions\/2640"}],"wp:featuredmedia":[{"embeddable":true,"href":"http:\/\/eccometa.com.br\/2016\/index.php?rest_route=\/wp\/v2\/media\/1059"}],"wp:attachment":[{"href":"http:\/\/eccometa.com.br\/2016\/index.php?rest_route=%2Fwp%2Fv2%2Fmedia&parent=1058"}],"curies":[{"name":"wp","href":"https:\/\/api.w.org\/{rel}","templated":true}]}}